{"id":2,"date":"2022-12-31T09:28:33","date_gmt":"2022-12-31T08:28:33","guid":{"rendered":"http:\/\/greku.tech\/?page_id=2"},"modified":"2024-12-06T10:06:35","modified_gmt":"2024-12-06T09:06:35","slug":"page-d-exemple","status":"publish","type":"page","link":"https:\/\/greku.tech\/","title":{"rendered":"Dzie\u0144 Dobry!"},"content":{"rendered":"<div class=\"wp-block-image\">\n<figure class=\"aligncenter size-full\"><img loading=\"lazy\" decoding=\"async\" width=\"600\" height=\"600\" src=\"http:\/\/greku.tech\/wp-content\/uploads\/2022\/12\/greku.jpg\" alt=\"\" class=\"wp-image-86\" srcset=\"https:\/\/greku.tech\/wp-content\/uploads\/2022\/12\/greku.jpg 600w, https:\/\/greku.tech\/wp-content\/uploads\/2022\/12\/greku-300x300.jpg 300w, https:\/\/greku.tech\/wp-content\/uploads\/2022\/12\/greku-150x150.jpg 150w\" sizes=\"auto, (max-width: 600px) 100vw, 600px\" \/><figcaption class=\"wp-element-caption\">greku tech<\/figcaption><\/figure>\n<\/div>\n\n\n<p>Cze\u015b\u0107 tu Greku! <\/p>\n\n\n\n<p>Od zawsze poch\u0142ania\u0142y mnie technologie. Niekt\u00f3rzy uznaj\u0105 mnie za gad\u017ceciarza, zafascynowanego nowinkami technicznymi. Od najm\u0142odszych szkolnych lat by\u0142em r\u00f3wnie\u017c zafascynowany ekologi\u0105 i kwesti\u0105 ochrony planety. <\/p>\n\n\n\n<p>Nowe technologie to moja pasja a wiele czynnik\u00f3w z\u0142o\u017cy\u0142o si\u0119 na to \u017ce zacz\u0105\u0142em tworzy\u0107 filmy Youtube. <\/p>\n\n\n\n<p>Na kanale przede wszystkim inteligentny dom. S\u0105 i komputery, troch\u0119 nowego sprz\u0119tu troch\u0119 starszego, komputery stacjonarne, laptopy a czasem i smartfony. <\/p>\n\n\n\n<p>Zapewne zajm\u0119 si\u0119 r\u00f3wnie\u017c zr\u00f3wnowa\u017conym rozwojem czy sposobami na to jak zadba\u0107 w \u017cyciu codziennym o nasz\u0105 planet\u0119. Nowe technologie w energetyce, czy w szerokim kr\u0119gu poj\u0119cia circular economy.<\/p>\n\n\n\n<p>B\u0119dzie te\u017c troch\u0119 informacji ze \u015bwiata tech. <\/p>\n\n\n\n<p>Do zobaczenia!<\/p>\n","protected":false},"excerpt":{"rendered":"<p>Cze\u015b\u0107 tu Greku! Od zawsze poch\u0142ania\u0142y mnie technologie. Niekt\u00f3rzy uznaj\u0105 mnie za gad\u017ceciarza, zafascynowanego nowinkami technicznymi. Od najm\u0142odszych szkolnych lat by\u0142em r\u00f3wnie\u017c zafascynowany ekologi\u0105 i kwesti\u0105 ochrony planety. Nowe technologie to moja pasja a wiele czynnik\u00f3w z\u0142o\u017cy\u0142o si\u0119 na to \u017ce zacz\u0105\u0142em tworzy\u0107 filmy Youtube. Na kanale przede wszystkim inteligentny dom. S\u0105 i komputery, troch\u0119 [&hellip;]<\/p>\n","protected":false},"author":1,"featured_media":0,"parent":0,"menu_order":0,"comment_status":"closed","ping_status":"open","template":"","meta":{"footnotes":""},"class_list":["post-2","page","type-page","status-publish","hentry"],"_links":{"self":[{"href":"https:\/\/greku.tech\/index.php\/wp-json\/wp\/v2\/pages\/2","targetHints":{"allow":["GET"]}}],"collection":[{"href":"https:\/\/greku.tech\/index.php\/wp-json\/wp\/v2\/pages"}],"about":[{"href":"https:\/\/greku.tech\/index.php\/wp-json\/wp\/v2\/types\/page"}],"author":[{"embeddable":true,"href":"https:\/\/greku.tech\/index.php\/wp-json\/wp\/v2\/users\/1"}],"replies":[{"embeddable":true,"href":"https:\/\/greku.tech\/index.php\/wp-json\/wp\/v2\/comments?post=2"}],"version-history":[{"count":3,"href":"https:\/\/greku.tech\/index.php\/wp-json\/wp\/v2\/pages\/2\/revisions"}],"predecessor-version":[{"id":90,"href":"https:\/\/greku.tech\/index.php\/wp-json\/wp\/v2\/pages\/2\/revisions\/90"}],"wp:attachment":[{"href":"https:\/\/greku.tech\/index.php\/wp-json\/wp\/v2\/media?parent=2"}],"curies":[{"name":"wp","href":"https:\/\/api.w.org\/{rel}","templated":true}]}}