{"id":65,"date":"2023-01-28T17:07:52","date_gmt":"2023-01-28T16:07:52","guid":{"rendered":"http:\/\/greku.tech\/?page_id=65"},"modified":"2023-01-28T17:07:52","modified_gmt":"2023-01-28T16:07:52","slug":"grupa-docelowa-odbiorcy","status":"publish","type":"page","link":"https:\/\/greku.tech\/index.php\/grupa-docelowa-odbiorcy\/","title":{"rendered":"Grupa Docelowa Odbiorcy"},"content":{"rendered":"\n<p>Je\u017celi jeste\u015b zainteresowany wsp\u00f3\u0142pracuj\u0105, zapewne chcesz wiedzie\u0107 kim s\u0105 moi widzowie. <\/p>\n\n\n\n<p>Tutaj gar\u015b\u0107 statystyk dotycz\u0105cych moich sociali.<\/p>\n\n\n\n<p><\/p>\n\n\n\n<p class=\"has-larger-font-size\">Youtube &#8211; @grekutech<\/p>\n\n\n\n<p><strong>Wy\u015bwietlenia<\/strong><\/p>\n\n\n\n<figure class=\"wp-block-image size-full is-resized\"><img loading=\"lazy\" decoding=\"async\" src=\"http:\/\/greku.tech\/wp-content\/uploads\/2023\/01\/2022-Wyswietlenia-1.png\" alt=\"\" class=\"wp-image-59\" width=\"900\" height=\"568\"\/><\/figure>\n\n\n\n<p><strong>wiek i p\u0142e\u0107 odbiorc\u00f3w<\/strong><\/p>\n\n\n\n<figure class=\"wp-block-image size-large is-resized\"><img loading=\"lazy\" decoding=\"async\" src=\"http:\/\/greku.tech\/wp-content\/uploads\/2023\/01\/2022-Wiek-I-Plec-v2-1024x661.png\" alt=\"\" class=\"wp-image-56\" width=\"900\" height=\"598\"\/><\/figure>\n\n\n\n<p><strong>wy\u015bwietlenia film\u00f3w<\/strong><\/p>\n\n\n\n<figure class=\"wp-block-image size-full is-resized\"><img decoding=\"async\" src=\"http:\/\/greku.tech\/wp-content\/uploads\/2023\/01\/2022-Tresci.png\" alt=\"\" class=\"wp-image-58\" width=\"900\" srcset=\"https:\/\/greku.tech\/wp-content\/uploads\/2023\/01\/2022-Tresci.png 940w, https:\/\/greku.tech\/wp-content\/uploads\/2023\/01\/2022-Tresci-300x183.png 300w, https:\/\/greku.tech\/wp-content\/uploads\/2023\/01\/2022-Tresci-768x467.png 768w\" sizes=\"(max-width: 940px) 100vw, 940px\" \/><\/figure>\n\n\n\n<p><strong>\u017ar\u00f3d\u0142a wizyt<\/strong><\/p>\n\n\n\n<figure class=\"wp-block-image size-large is-resized\"><img decoding=\"async\" src=\"http:\/\/greku.tech\/wp-content\/uploads\/2023\/01\/2022-zrodla-1024x924.png\" alt=\"\" class=\"wp-image-60\" width=\"900\" srcset=\"https:\/\/greku.tech\/wp-content\/uploads\/2023\/01\/2022-zrodla-1024x924.png 1024w, https:\/\/greku.tech\/wp-content\/uploads\/2023\/01\/2022-zrodla-300x271.png 300w, https:\/\/greku.tech\/wp-content\/uploads\/2023\/01\/2022-zrodla-768x693.png 768w, https:\/\/greku.tech\/wp-content\/uploads\/2023\/01\/2022-zrodla.png 1193w\" sizes=\"(max-width: 1024px) 100vw, 1024px\" \/><\/figure>\n\n\n\n<p><strong>urz\u0105dzenia odbiorc\u00f3w<\/strong><\/p>\n\n\n\n<figure class=\"wp-block-image size-large is-resized\"><img decoding=\"async\" src=\"http:\/\/greku.tech\/wp-content\/uploads\/2023\/01\/2022-Urzadzenie-1024x661.png\" alt=\"\" class=\"wp-image-61\" width=\"900\" srcset=\"https:\/\/greku.tech\/wp-content\/uploads\/2023\/01\/2022-Urzadzenie-1024x661.png 1024w, https:\/\/greku.tech\/wp-content\/uploads\/2023\/01\/2022-Urzadzenie-300x194.png 300w, https:\/\/greku.tech\/wp-content\/uploads\/2023\/01\/2022-Urzadzenie-768x496.png 768w, https:\/\/greku.tech\/wp-content\/uploads\/2023\/01\/2022-Urzadzenie.png 1179w\" sizes=\"(max-width: 1024px) 100vw, 1024px\" \/><\/figure>\n\n\n\n<p>systemy operacyjne<\/p>\n\n\n\n<figure class=\"wp-block-image size-large is-resized\"><img decoding=\"async\" src=\"http:\/\/greku.tech\/wp-content\/uploads\/2023\/01\/2022-SYstemy-1024x1017.png\" alt=\"\" class=\"wp-image-62\" width=\"900\" srcset=\"https:\/\/greku.tech\/wp-content\/uploads\/2023\/01\/2022-SYstemy-1024x1017.png 1024w, https:\/\/greku.tech\/wp-content\/uploads\/2023\/01\/2022-SYstemy-300x298.png 300w, https:\/\/greku.tech\/wp-content\/uploads\/2023\/01\/2022-SYstemy-150x150.png 150w, https:\/\/greku.tech\/wp-content\/uploads\/2023\/01\/2022-SYstemy-768x763.png 768w, https:\/\/greku.tech\/wp-content\/uploads\/2023\/01\/2022-SYstemy.png 1192w\" sizes=\"(max-width: 1024px) 100vw, 1024px\" \/><\/figure>\n","protected":false},"excerpt":{"rendered":"<p>Je\u017celi jeste\u015b zainteresowany wsp\u00f3\u0142pracuj\u0105, zapewne chcesz wiedzie\u0107 kim s\u0105 moi widzowie. Tutaj gar\u015b\u0107 statystyk dotycz\u0105cych moich sociali. Youtube &#8211; @grekutech Wy\u015bwietlenia wiek i p\u0142e\u0107 odbiorc\u00f3w wy\u015bwietlenia film\u00f3w \u017ar\u00f3d\u0142a wizyt urz\u0105dzenia odbiorc\u00f3w systemy operacyjne<\/p>\n","protected":false},"author":1,"featured_media":0,"parent":0,"menu_order":0,"comment_status":"closed","ping_status":"closed","template":"","meta":{"footnotes":""},"class_list":["post-65","page","type-page","status-publish","hentry"],"_links":{"self":[{"href":"https:\/\/greku.tech\/index.php\/wp-json\/wp\/v2\/pages\/65","targetHints":{"allow":["GET"]}}],"collection":[{"href":"https:\/\/greku.tech\/index.php\/wp-json\/wp\/v2\/pages"}],"about":[{"href":"https:\/\/greku.tech\/index.php\/wp-json\/wp\/v2\/types\/page"}],"author":[{"embeddable":true,"href":"https:\/\/greku.tech\/index.php\/wp-json\/wp\/v2\/users\/1"}],"replies":[{"embeddable":true,"href":"https:\/\/greku.tech\/index.php\/wp-json\/wp\/v2\/comments?post=65"}],"version-history":[{"count":1,"href":"https:\/\/greku.tech\/index.php\/wp-json\/wp\/v2\/pages\/65\/revisions"}],"predecessor-version":[{"id":66,"href":"https:\/\/greku.tech\/index.php\/wp-json\/wp\/v2\/pages\/65\/revisions\/66"}],"wp:attachment":[{"href":"https:\/\/greku.tech\/index.php\/wp-json\/wp\/v2\/media?parent=65"}],"curies":[{"name":"wp","href":"https:\/\/api.w.org\/{rel}","templated":true}]}}